{"id":6,"date":"2021-08-03T10:32:31","date_gmt":"2021-08-03T10:32:31","guid":{"rendered":"https:\/\/epimedium.ch\/?page_id=6"},"modified":"2021-08-04T11:12:05","modified_gmt":"2021-08-04T11:12:05","slug":"homepage","status":"publish","type":"page","link":"https:\/\/epimedium.ch\/","title":{"rendered":"Homepage"},"content":{"rendered":"<p>[et_pb_section fb_built=&#8221;1&#8243; fullwidth=&#8221;on&#8221; _builder_version=&#8221;4.9.4&#8243; _module_preset=&#8221;default&#8221; background_image=&#8221;https:\/\/epimedium.ch\/wp-content\/uploads\/2021\/08\/img_2065_300-2400.jpg&#8221; height=&#8221;800px&#8221; background_color_phone=&#8221;RGBA(0,0,0,0)&#8221; background_last_edited=&#8221;on|phone&#8221; background_enable_color_phone=&#8221;on&#8221; parallax_phone=&#8221;off&#8221; background_size_phone=&#8221;initial&#8221; background_blend_phone=&#8221;normal&#8221;][et_pb_fullwidth_header title=&#8221;Epimedium&#8221; subhead=&#8221;Un rimedio naturale per le occasioni speciali&#8221; _builder_version=&#8221;4.9.4&#8243; _module_preset=&#8221;default&#8221; title_font=&#8221;Roboto||||||||&#8221; title_text_align=&#8221;left&#8221; title_text_color=&#8221;#2B2D42&#8243; title_font_size=&#8221;68px&#8221; title_letter_spacing=&#8221;5px&#8221; subhead_font=&#8221;Roboto||||||||&#8221; subhead_text_align=&#8221;left&#8221; subhead_text_color=&#8221;#2B2D42&#8243; subhead_font_size=&#8221;38px&#8221; subhead_line_height=&#8221;0.9em&#8221; background_color=&#8221;RGBA(0,0,0,0)&#8221; background_enable_image=&#8221;off&#8221; width=&#8221;50%&#8221; width_tablet=&#8221;&#8221; width_phone=&#8221;100%&#8221; width_last_edited=&#8221;on|phone&#8221; height=&#8221;100%&#8221; custom_padding=&#8221;180px|||||&#8221; custom_padding_tablet=&#8221;&#8221; custom_padding_phone=&#8221;50px||||false|false&#8221; custom_padding_last_edited=&#8221;on|phone&#8221; title_text_color_tablet=&#8221;&#8221; title_text_color_phone=&#8221;#FDF0D5&#8243; title_text_color_last_edited=&#8221;on|phone&#8221; title_font_size_tablet=&#8221;&#8221; title_font_size_phone=&#8221;50px&#8221; title_font_size_last_edited=&#8221;on|phone&#8221; title_letter_spacing_tablet=&#8221;&#8221; title_letter_spacing_phone=&#8221;0px&#8221; title_letter_spacing_last_edited=&#8221;on|phone&#8221; subhead_text_color_tablet=&#8221;&#8221; subhead_text_color_phone=&#8221;#FDF0D5&#8243; subhead_text_color_last_edited=&#8221;on|phone&#8221; subhead_font_size_tablet=&#8221;&#8221; subhead_font_size_phone=&#8221;33px&#8221; subhead_font_size_last_edited=&#8221;on|phone&#8221; background_color_phone=&#8221;RGBA(0,0,0,0)&#8221; background_last_edited=&#8221;on|phone&#8221; background_enable_color_phone=&#8221;on&#8221;][\/et_pb_fullwidth_header][\/et_pb_section][et_pb_section fb_built=&#8221;1&#8243; fullwidth=&#8221;on&#8221; _builder_version=&#8221;4.9.4&#8243; _module_preset=&#8221;default&#8221;][\/et_pb_section][et_pb_section fb_built=&#8221;1&#8243; _builder_version=&#8221;4.9.4&#8243; _module_preset=&#8221;default&#8221; background_color=&#8221;RGBA(0,0,0,0)&#8221; background_enable_image=&#8221;off&#8221; background_size=&#8221;contain&#8221; custom_padding=&#8221;||0px|||&#8221; scroll_fade_enable=&#8221;on&#8221; scroll_fade=&#8221;0|60|60|100|0|100|100&#8243; motion_trigger_start=&#8221;top&#8221;][et_pb_row column_structure=&#8221;1_2,1_2&#8243; _builder_version=&#8221;4.9.4&#8243; _module_preset=&#8221;default&#8221;][et_pb_column type=&#8221;1_2&#8243; _builder_version=&#8221;4.9.4&#8243; _module_preset=&#8221;default&#8221;][et_pb_text _builder_version=&#8221;4.9.4&#8243; _module_preset=&#8221;default&#8221; header_font_size=&#8221;48px&#8221;]<\/p>\n<h1 class=\"para-4\"><span class=\"font-4\">UN RIMEDIO NATURALE<\/span><span class=\"font-5\"> <\/span>CHE AIUTA NEL RAPPORTO CON IL PROPRIO PARTNER<\/h1>\n<p>[\/et_pb_text][et_pb_text _builder_version=&#8221;4.9.4&#8243; _module_preset=&#8221;default&#8221; text_font_size=&#8221;24px&#8221; text_line_height=&#8221;1.1em&#8221;]<\/p>\n<p><span class=\"font-7\">Epimedium<\/span><span class=\"font-8\"><span>\u00a0<\/span>\u00e8 un\u2019erba di cui l\u2019estratto, diventa un rimedio ideale per entrambi i sessi. Conosciuta da oltre 2000 anni, per il suo contenuto unico di icariin: potentissimo stimolante che aumenta il desiderio di accoppiamento, aumenta i livelli sensoriali intimi, facendo la felicit\u00e0 nei matrimoni o relazioni occasionali.<\/span><\/p>\n<p>[\/et_pb_text][\/et_pb_column][et_pb_column type=&#8221;1_2&#8243; _builder_version=&#8221;4.9.4&#8243; _module_preset=&#8221;default&#8221;][et_pb_image src=&#8221;https:\/\/epimedium.ch\/wp-content\/uploads\/2021\/08\/fiore3-956.png&#8221; title_text=&#8221;fiore3-956&#8243; _builder_version=&#8221;4.9.4&#8243; _module_preset=&#8221;default&#8221;][\/et_pb_image][\/et_pb_column][\/et_pb_row][\/et_pb_section][et_pb_section fb_built=&#8221;1&#8243; _builder_version=&#8221;4.9.4&#8243; _module_preset=&#8221;default&#8221; background_color=&#8221;RGBA(0,0,0,0)&#8221; background_enable_image=&#8221;off&#8221; parallax=&#8221;on&#8221; scroll_fade_enable=&#8221;on&#8221; scroll_fade=&#8221;0|70|70|100|0|100|100&#8243;][et_pb_row column_structure=&#8221;1_2,1_2&#8243; _builder_version=&#8221;4.9.4&#8243; _module_preset=&#8221;default&#8221;][et_pb_column type=&#8221;1_2&#8243; _builder_version=&#8221;4.9.4&#8243; _module_preset=&#8221;default&#8221;][et_pb_image src=&#8221;https:\/\/epimedium.ch\/wp-content\/uploads\/2021\/08\/fiore1-1160.png&#8221; title_text=&#8221;fiore1-1160&#8243; _builder_version=&#8221;4.9.4&#8243; _module_preset=&#8221;default&#8221; background_color=&#8221;RGBA(0,0,0,0)&#8221; background_enable_image=&#8221;off&#8221;][\/et_pb_image][\/et_pb_column][et_pb_column type=&#8221;1_2&#8243; _builder_version=&#8221;4.9.4&#8243; _module_preset=&#8221;default&#8221;][et_pb_text _builder_version=&#8221;4.9.4&#8243; _module_preset=&#8221;default&#8221; header_font_size=&#8221;48px&#8221; width=&#8221;99.9%&#8221;]<\/p>\n<h1 class=\"para-4\"><span class=\"font-6\">UNA CARICA IN PI\u00d9 PER LE TUE PRESTAZIONI<\/span><\/h1>\n<p>[\/et_pb_text][et_pb_text _builder_version=&#8221;4.9.4&#8243; _module_preset=&#8221;default&#8221; text_font_size=&#8221;24px&#8221; text_line_height=&#8221;1.2em&#8221;]<\/p>\n<p class=\"para-5\"><span class=\"font-7\"><strong>Difficolt\u00e0 a letto?<\/strong><span>\u00a0<\/span><\/span><span class=\"font-8\">Epimedium stimola il rapporto in entrambi gli sessi. Un estratto naturale capace di rilassare il vostro corpo e tornare a provare piacere. <\/span><span class=\"font-8\">Un afrodisiaco, dal nome della dea greca Afrodite, \u00e8 una qualsiasi sostanza assunta allo scopo di esaltare la libido o migliorare le prestazioni sessuali.<\/span><\/p>\n<p>[\/et_pb_text][\/et_pb_column][\/et_pb_row][\/et_pb_section][et_pb_section fb_built=&#8221;1&#8243; _builder_version=&#8221;4.9.4&#8243; _module_preset=&#8221;default&#8221; background_color=&#8221;RGBA(0,0,0,0)&#8221; background_enable_image=&#8221;off&#8221; background_size=&#8221;contain&#8221; custom_padding=&#8221;0px|||||&#8221; scroll_fade_enable=&#8221;on&#8221; scroll_fade=&#8221;0|70|70|100|0|100|100&#8243; motion_trigger_start=&#8221;top&#8221;][et_pb_row column_structure=&#8221;1_2,1_2&#8243; _builder_version=&#8221;4.9.4&#8243; _module_preset=&#8221;default&#8221;][et_pb_column type=&#8221;1_2&#8243; _builder_version=&#8221;4.9.4&#8243; _module_preset=&#8221;default&#8221;][et_pb_text _builder_version=&#8221;4.9.4&#8243; _module_preset=&#8221;default&#8221; header_font_size=&#8221;48px&#8221;]<\/p>\n<h1 class=\"para-4\">SEMPLICE, NATURALE E UNICO<\/h1>\n<p>[\/et_pb_text][et_pb_text _builder_version=&#8221;4.9.4&#8243; _module_preset=&#8221;default&#8221; text_font_size=&#8221;24px&#8221; text_line_height=&#8221;1.1em&#8221;]<\/p>\n<p><span class=\"font-7\">Epimedium grandiflorum<\/span><span class=\"font-8\"><span>\u00a0<\/span>\u00e8 un genere di pianta fiorita della famiglia delle Barberidaceae, di cui la maggior parte delle specie sono endemiche del Giappone e della Cina, con diverse varianti asiatiche e mediterranee, che si possono trovare anche alle nostre latitudini.<\/span><\/p>\n<p>[\/et_pb_text][\/et_pb_column][et_pb_column type=&#8221;1_2&#8243; _builder_version=&#8221;4.9.4&#8243; _module_preset=&#8221;default&#8221;][et_pb_image src=&#8221;https:\/\/epimedium.ch\/wp-content\/uploads\/2021\/08\/fiore2-1064.png&#8221; title_text=&#8221;fiore2-1064&#8243; _builder_version=&#8221;4.9.4&#8243; _module_preset=&#8221;default&#8221;][\/et_pb_image][\/et_pb_column][\/et_pb_row][\/et_pb_section][et_pb_section fb_built=&#8221;1&#8243; _builder_version=&#8221;4.9.4&#8243; _module_preset=&#8221;default&#8221;][et_pb_row _builder_version=&#8221;4.9.4&#8243; _module_preset=&#8221;default&#8221;][et_pb_column type=&#8221;4_4&#8243; _builder_version=&#8221;4.9.4&#8243; _module_preset=&#8221;default&#8221;][et_pb_text content_tablet=&#8221;<\/p>\n<h1 style=%22text-align: center;%22>BENEFICI DEL EPIMEDIUM<\/h1>\n<p>&#8221; content_phone=&#8221;&#8221; content_last_edited=&#8221;on|tablet&#8221; _builder_version=&#8221;4.9.4&#8243; _module_preset=&#8221;default&#8221; header_font_size=&#8221;48px&#8221;]<\/p>\n<h1>BENEFICI DI EPIMEDIUM<\/h1>\n<p>[\/et_pb_text][\/et_pb_column][\/et_pb_row][et_pb_row column_structure=&#8221;1_3,1_3,1_3&#8243; _builder_version=&#8221;4.9.4&#8243; _module_preset=&#8221;default&#8221;][et_pb_column type=&#8221;1_3&#8243; _builder_version=&#8221;4.9.4&#8243; _module_preset=&#8221;default&#8221;][et_pb_image src=&#8221;https:\/\/epimedium.ch\/wp-content\/uploads\/2021\/08\/003-lotus-02-1024&#215;1024.png&#8221; title_text=&#8221;003-lotus-02&#8243; _builder_version=&#8221;4.9.4&#8243; _module_preset=&#8221;default&#8221; max_width=&#8221;160px&#8221; module_alignment=&#8221;center&#8221; custom_margin=&#8221;||54px|||&#8221;][\/et_pb_image][et_pb_text content_tablet=&#8221;&#8221; content_phone=&#8221;&#8221; content_last_edited=&#8221;on|tablet&#8221; _builder_version=&#8221;4.9.4&#8243; _module_preset=&#8221;default&#8221; header_2_font_size_tablet=&#8221;34px&#8221; header_2_font_size_phone=&#8221;&#8221; header_2_font_size_last_edited=&#8221;on|tablet&#8221;]<\/p>\n<h2 class=\"para-4\" style=\"text-align: center;\"><span class=\"font-4\">FUNZIONA PER ENTRAMBI<br \/>I SESSI<\/span><\/h2>\n<p>[\/et_pb_text][\/et_pb_column][et_pb_column type=&#8221;1_3&#8243; _builder_version=&#8221;4.9.4&#8243; _module_preset=&#8221;default&#8221;][et_pb_image src=&#8221;https:\/\/epimedium.ch\/wp-content\/uploads\/2021\/08\/003-lotus-03-1024&#215;1024.png&#8221; title_text=&#8221;003-lotus-03&#8243; _builder_version=&#8221;4.9.4&#8243; _module_preset=&#8221;default&#8221; max_width=&#8221;180px&#8221; module_alignment=&#8221;center&#8221;][\/et_pb_image][et_pb_text _builder_version=&#8221;4.9.4&#8243; _module_preset=&#8221;default&#8221; header_2_font_size_tablet=&#8221;34px&#8221; header_2_font_size_phone=&#8221;&#8221; header_2_font_size_last_edited=&#8221;on|tablet&#8221;]<\/p>\n<h2 style=\"text-align: center;\">RILASSA E AUMENTA <br \/>IL PIACERE<\/h2>\n<p>[\/et_pb_text][\/et_pb_column][et_pb_column type=&#8221;1_3&#8243; _builder_version=&#8221;4.9.4&#8243; _module_preset=&#8221;default&#8221;][et_pb_image src=&#8221;https:\/\/epimedium.ch\/wp-content\/uploads\/2021\/08\/003-lotus-01-1024&#215;1024.png&#8221; title_text=&#8221;003-lotus-01&#8243; _builder_version=&#8221;4.9.4&#8243; _module_preset=&#8221;default&#8221; max_width=&#8221;180px&#8221; module_alignment=&#8221;center&#8221;][\/et_pb_image][et_pb_text _builder_version=&#8221;4.9.4&#8243; _module_preset=&#8221;default&#8221; header_2_font_size_tablet=&#8221;34px&#8221; header_2_font_size_phone=&#8221;&#8221; header_2_font_size_last_edited=&#8221;on|tablet&#8221;]<\/p>\n<h2 class=\"para-4\" style=\"text-align: center;\"><span class=\"font-4\">NATURALE E DI<br \/>PRODUZIONE ARTIGIANALE<\/span><\/h2>\n<p>[\/et_pb_text][\/et_pb_column][\/et_pb_row][\/et_pb_section][et_pb_section fb_built=&#8221;1&#8243; _builder_version=&#8221;4.9.4&#8243; _module_preset=&#8221;default&#8221; background_color=&#8221;#2B2D42&#8243;][et_pb_row column_structure=&#8221;2_5,3_5&#8243; _builder_version=&#8221;4.9.4&#8243; _module_preset=&#8221;default&#8221;][et_pb_column type=&#8221;2_5&#8243; _builder_version=&#8221;4.9.4&#8243; _module_preset=&#8221;default&#8221;][et_pb_text _builder_version=&#8221;4.9.4&#8243; _module_preset=&#8221;default&#8221; header_2_text_color=&#8221;#FDF0D5&#8243; header_2_font_size=&#8221;30px&#8221;]<\/p>\n<h2 class=\"para-6\">VUOI SCOPRIRE DI PI\u00d9 SUI BENEFICI CHE PUOI TRARRE DALL&#8217;UTILIZZO DI EPIMEDIUM?<\/h2>\n<h2 class=\"para-6\"><\/h2>\n<h2 class=\"para-6\">CONTATTACI OGGI STESSO, SAREMO LIETI DI INFORMARTI.<\/h2>\n<p>[\/et_pb_text][\/et_pb_column][et_pb_column type=&#8221;3_5&#8243; _builder_version=&#8221;4.9.4&#8243; _module_preset=&#8221;default&#8221;][et_pb_contact_form email=&#8221;info@epimedium.ch&#8221; success_message=&#8221;GRAZIE PER AVERCI CONTATTATO!&#8221; _builder_version=&#8221;4.9.4&#8243; _module_preset=&#8221;default&#8221; title_text_color=&#8221;#FDF0D5&#8243; title_font_size=&#8221;18px&#8221; captcha_text_color=&#8221;#FDF0D5&#8243; captcha_font_size=&#8221;18px&#8221; custom_button=&#8221;on&#8221; button_text_color=&#8221;#FE4A49&#8243; button_border_width=&#8221;2px&#8221; button_letter_spacing=&#8221;1px&#8221; button_use_icon=&#8221;off&#8221; button_custom_padding=&#8221;|60px||60px|false|true&#8221; hover_enabled=&#8221;0&#8243; custom_message=&#8221;Messaggio inviato dal sito web:&#8221; sticky_enabled=&#8221;0&#8243;][et_pb_contact_field field_id=&#8221;Name&#8221; field_title=&#8221;Nome&#8221; _builder_version=&#8221;3.16&#8243; button_text_size__hover_enabled=&#8221;off&#8221; button_one_text_size__hover_enabled=&#8221;off&#8221; button_two_text_size__hover_enabled=&#8221;off&#8221; button_text_color__hover_enabled=&#8221;off&#8221; button_one_text_color__hover_enabled=&#8221;off&#8221; button_two_text_color__hover_enabled=&#8221;off&#8221; button_border_width__hover_enabled=&#8221;off&#8221; button_one_border_width__hover_enabled=&#8221;off&#8221; button_two_border_width__hover_enabled=&#8221;off&#8221; button_border_color__hover_enabled=&#8221;off&#8221; button_one_border_color__hover_enabled=&#8221;off&#8221; button_two_border_color__hover_enabled=&#8221;off&#8221; button_border_radius__hover_enabled=&#8221;off&#8221; button_one_border_radius__hover_enabled=&#8221;off&#8221; button_two_border_radius__hover_enabled=&#8221;off&#8221; button_letter_spacing__hover_enabled=&#8221;off&#8221; button_one_letter_spacing__hover_enabled=&#8221;off&#8221; button_two_letter_spacing__hover_enabled=&#8221;off&#8221; button_bg_color__hover_enabled=&#8221;off&#8221; button_one_bg_color__hover_enabled=&#8221;off&#8221; button_two_bg_color__hover_enabled=&#8221;off&#8221;][\/et_pb_contact_field][et_pb_contact_field field_id=&#8221;Email&#8221; field_title=&#8221;Indirizzo e-mail&#8221; field_type=&#8221;email&#8221; _builder_version=&#8221;3.16&#8243; button_text_size__hover_enabled=&#8221;off&#8221; button_one_text_size__hover_enabled=&#8221;off&#8221; button_two_text_size__hover_enabled=&#8221;off&#8221; button_text_color__hover_enabled=&#8221;off&#8221; button_one_text_color__hover_enabled=&#8221;off&#8221; button_two_text_color__hover_enabled=&#8221;off&#8221; button_border_width__hover_enabled=&#8221;off&#8221; button_one_border_width__hover_enabled=&#8221;off&#8221; button_two_border_width__hover_enabled=&#8221;off&#8221; button_border_color__hover_enabled=&#8221;off&#8221; button_one_border_color__hover_enabled=&#8221;off&#8221; button_two_border_color__hover_enabled=&#8221;off&#8221; button_border_radius__hover_enabled=&#8221;off&#8221; button_one_border_radius__hover_enabled=&#8221;off&#8221; button_two_border_radius__hover_enabled=&#8221;off&#8221; button_letter_spacing__hover_enabled=&#8221;off&#8221; button_one_letter_spacing__hover_enabled=&#8221;off&#8221; button_two_letter_spacing__hover_enabled=&#8221;off&#8221; button_bg_color__hover_enabled=&#8221;off&#8221; button_one_bg_color__hover_enabled=&#8221;off&#8221; button_two_bg_color__hover_enabled=&#8221;off&#8221;][\/et_pb_contact_field][et_pb_contact_field field_id=&#8221;Message&#8221; field_title=&#8221;Messaggio&#8221; field_type=&#8221;text&#8221; fullwidth_field=&#8221;on&#8221; _builder_version=&#8221;3.16&#8243; button_text_size__hover_enabled=&#8221;off&#8221; button_one_text_size__hover_enabled=&#8221;off&#8221; button_two_text_size__hover_enabled=&#8221;off&#8221; button_text_color__hover_enabled=&#8221;off&#8221; button_one_text_color__hover_enabled=&#8221;off&#8221; button_two_text_color__hover_enabled=&#8221;off&#8221; button_border_width__hover_enabled=&#8221;off&#8221; button_one_border_width__hover_enabled=&#8221;off&#8221; button_two_border_width__hover_enabled=&#8221;off&#8221; button_border_color__hover_enabled=&#8221;off&#8221; button_one_border_color__hover_enabled=&#8221;off&#8221; button_two_border_color__hover_enabled=&#8221;off&#8221; button_border_radius__hover_enabled=&#8221;off&#8221; button_one_border_radius__hover_enabled=&#8221;off&#8221; button_two_border_radius__hover_enabled=&#8221;off&#8221; button_letter_spacing__hover_enabled=&#8221;off&#8221; button_one_letter_spacing__hover_enabled=&#8221;off&#8221; button_two_letter_spacing__hover_enabled=&#8221;off&#8221; button_bg_color__hover_enabled=&#8221;off&#8221; button_one_bg_color__hover_enabled=&#8221;off&#8221; button_two_bg_color__hover_enabled=&#8221;off&#8221;][\/et_pb_contact_field][\/et_pb_contact_form][\/et_pb_column][\/et_pb_row][\/et_pb_section][et_pb_section fb_built=&#8221;1&#8243; _builder_version=&#8221;4.9.4&#8243; _module_preset=&#8221;default&#8221; background_enable_image=&#8221;off&#8221;][et_pb_row _builder_version=&#8221;4.9.4&#8243; _module_preset=&#8221;default&#8221;][et_pb_column type=&#8221;4_4&#8243; _builder_version=&#8221;4.9.4&#8243; _module_preset=&#8221;default&#8221;][et_pb_image src=&#8221;https:\/\/epimedium.ch\/wp-content\/uploads\/2021\/08\/img_1944-720.png&#8221; title_text=&#8221;img_1944-720&#8243; _builder_version=&#8221;4.9.4&#8243; _module_preset=&#8221;default&#8221; max_width=&#8221;50%&#8221; module_alignment=&#8221;center&#8221;][\/et_pb_image][\/et_pb_column][\/et_pb_row][et_pb_row column_structure=&#8221;1_3,1_3,1_3&#8243; _builder_version=&#8221;4.9.4&#8243; _module_preset=&#8221;default&#8221;][et_pb_column type=&#8221;1_3&#8243; _builder_version=&#8221;4.9.4&#8243; _module_preset=&#8221;default&#8221;][et_pb_text _builder_version=&#8221;4.9.4&#8243; _module_preset=&#8221;default&#8221; header_font_size=&#8221;48px&#8221;]<\/p>\n<h1>Sei interessato all&#8217;acquisto di Epimedium?<\/h1>\n<p>[\/et_pb_text][et_pb_text _builder_version=&#8221;4.9.4&#8243; _module_preset=&#8221;default&#8221; text_font_size=&#8221;24px&#8221;]<\/p>\n<p>Contattaci per ricevere una consulenza direttamente dal nostro responsabile vendita.<\/p>\n<p>[\/et_pb_text][\/et_pb_column][et_pb_column type=&#8221;1_3&#8243; _builder_version=&#8221;4.9.4&#8243; _module_preset=&#8221;default&#8221;][\/et_pb_column][et_pb_column type=&#8221;1_3&#8243; _builder_version=&#8221;4.9.4&#8243; _module_preset=&#8221;default&#8221;][et_pb_text _builder_version=&#8221;4.9.4&#8243; _module_preset=&#8221;default&#8221; header_font_size=&#8221;48px&#8221;]<\/p>\n<h1>Contatto<\/h1>\n<p>[\/et_pb_text][et_pb_text _builder_version=&#8221;4.9.4&#8243; _module_preset=&#8221;default&#8221; text_font_size=&#8221;20px&#8221;]<\/p>\n<p>Email: <a href=\"mailto:info@epimedium.ch\">info@epimedium.ch<\/a><\/p>\n<p>Tel.: +41 79 620 44 50<\/p>\n<p>[\/et_pb_text][\/et_pb_column][\/et_pb_row][\/et_pb_section][et_pb_section fb_built=&#8221;1&#8243; fullwidth=&#8221;on&#8221; _builder_version=&#8221;4.9.4&#8243; _module_preset=&#8221;default&#8221; background_image=&#8221;https:\/\/epimedium.ch\/wp-content\/uploads\/2021\/08\/img_1955-1164.jpg&#8221; parallax=&#8221;on&#8221; height=&#8221;500px&#8221; height_tablet=&#8221;&#8221; height_phone=&#8221;800px&#8221; height_last_edited=&#8221;on|phone&#8221;][et_pb_fullwidth_header title=&#8221;ALCUNE CONSIDERAZIONI PRIMA DI USARE IL PRODOTTO&#8221; _builder_version=&#8221;4.9.4&#8243; _module_preset=&#8221;default&#8221; title_font_size=&#8221;48px&#8221; content_font_size=&#8221;20px&#8221; background_color=&#8221;rgba(43,45,66,0.59)&#8221; height=&#8221;100%&#8221; custom_padding=&#8221;|250px||250px|false|true&#8221; custom_padding_tablet=&#8221;|0px||0px|false|true&#8221; custom_padding_phone=&#8221;&#8221; custom_padding_last_edited=&#8221;on|tablet&#8221; title_font_size_tablet=&#8221;&#8221; title_font_size_phone=&#8221;38px&#8221; title_font_size_last_edited=&#8221;on|phone&#8221;]<\/p>\n<p><span>Nonostante il prodotto \u00e8 un estratto vegetale, il consumo eccessivo andrebbe evitato. \u00c8 consigliato assumere fino ad un massimo di 3 capsule al giorno; questa formula migliora le capacit\u00e0, allevia complicazioni arteriose e migliora il flusso sanguigno. Il prodotto rientra nella categoria degli integratori alimentari, perci\u00f2 non va confuso e\/o sostituito ai farmaci e medicamenti, il suo utilizzo deve essere monitorato e controllato.<\/span><\/p>\n<p>[\/et_pb_fullwidth_header][\/et_pb_section]<\/p>\n","protected":false},"excerpt":{"rendered":"<p>[et_pb_section fb_built=&#8221;1&#8243; fullwidth=&#8221;on&#8221; _builder_version=&#8221;4.9.4&#8243; _module_preset=&#8221;default&#8221; background_image=&#8221;https:\/\/epimedium.ch\/wp-content\/uploads\/2021\/08\/img_2065_300-2400.jpg&#8221; height=&#8221;800px&#8221; background_color_phone=&#8221;RGBA(0,0,0,0)&#8221; background_last_edited=&#8221;on|phone&#8221; background_enable_color_phone=&#8221;on&#8221; parallax_phone=&#8221;off&#8221; background_size_phone=&#8221;initial&#8221; background_blend_phone=&#8221;normal&#8221;][et_pb_fullwidth_header title=&#8221;Epimedium&#8221; subhead=&#8221;Un rimedio naturale per le occasioni speciali&#8221; _builder_version=&#8221;4.9.4&#8243; _module_preset=&#8221;default&#8221; title_font=&#8221;Roboto||||||||&#8221; title_text_align=&#8221;left&#8221; title_text_color=&#8221;#2B2D42&#8243; title_font_size=&#8221;68px&#8221; title_letter_spacing=&#8221;5px&#8221; subhead_font=&#8221;Roboto||||||||&#8221; subhead_text_align=&#8221;left&#8221; subhead_text_color=&#8221;#2B2D42&#8243; subhead_font_size=&#8221;38px&#8221; subhead_line_height=&#8221;0.9em&#8221; background_color=&#8221;RGBA(0,0,0,0)&#8221; background_enable_image=&#8221;off&#8221; width=&#8221;50%&#8221; width_tablet=&#8221;&#8221; width_phone=&#8221;100%&#8221; width_last_edited=&#8221;on|phone&#8221; height=&#8221;100%&#8221; custom_padding=&#8221;180px|||||&#8221; custom_padding_tablet=&#8221;&#8221; custom_padding_phone=&#8221;50px||||false|false&#8221; custom_padding_last_edited=&#8221;on|phone&#8221; title_text_color_tablet=&#8221;&#8221; title_text_color_phone=&#8221;#FDF0D5&#8243; title_text_color_last_edited=&#8221;on|phone&#8221; title_font_size_tablet=&#8221;&#8221; title_font_size_phone=&#8221;50px&#8221; title_font_size_last_edited=&#8221;on|phone&#8221; title_letter_spacing_tablet=&#8221;&#8221; title_letter_spacing_phone=&#8221;0px&#8221; title_letter_spacing_last_edited=&#8221;on|phone&#8221; subhead_text_color_tablet=&#8221;&#8221; subhead_text_color_phone=&#8221;#FDF0D5&#8243; [&hellip;]<\/p>\n","protected":false},"author":1,"featured_media":0,"parent":0,"menu_order":0,"comment_status":"closed","ping_status":"closed","template":"","meta":{"_et_pb_use_builder":"on","_et_pb_old_content":"","_et_gb_content_width":"","footnotes":""},"class_list":["post-6","page","type-page","status-publish","hentry"],"_links":{"self":[{"href":"https:\/\/epimedium.ch\/index.php\/wp-json\/wp\/v2\/pages\/6","targetHints":{"allow":["GET"]}}],"collection":[{"href":"https:\/\/epimedium.ch\/index.php\/wp-json\/wp\/v2\/pages"}],"about":[{"href":"https:\/\/epimedium.ch\/index.php\/wp-json\/wp\/v2\/types\/page"}],"author":[{"embeddable":true,"href":"https:\/\/epimedium.ch\/index.php\/wp-json\/wp\/v2\/users\/1"}],"replies":[{"embeddable":true,"href":"https:\/\/epimedium.ch\/index.php\/wp-json\/wp\/v2\/comments?post=6"}],"version-history":[{"count":13,"href":"https:\/\/epimedium.ch\/index.php\/wp-json\/wp\/v2\/pages\/6\/revisions"}],"predecessor-version":[{"id":81,"href":"https:\/\/epimedium.ch\/index.php\/wp-json\/wp\/v2\/pages\/6\/revisions\/81"}],"wp:attachment":[{"href":"https:\/\/epimedium.ch\/index.php\/wp-json\/wp\/v2\/media?parent=6"}],"curies":[{"name":"wp","href":"https:\/\/api.w.org\/{rel}","templated":true}]}}